{"id":1051,"date":"2022-06-10T15:43:29","date_gmt":"2022-06-10T15:43:29","guid":{"rendered":"https:\/\/shf.cloudnine.com.do\/eventos\/"},"modified":"2022-10-15T01:26:39","modified_gmt":"2022-10-15T01:26:39","slug":"eventos","status":"publish","type":"page","link":"https:\/\/www.singinghorsefoundation.com\/es\/eventos\/","title":{"rendered":"Eventos"},"content":{"rendered":"<p>[et_pb_section fb_built=\u00bb1&#8243; admin_label=\u00bbHero\u00bb _builder_version=\u00bb4.18.0&#8243; _module_preset=\u00bbdefault\u00bb use_background_color_gradient=\u00bbon\u00bb background_color_gradient_type=\u00bbcircular\u00bb background_color_gradient_direction_radial=\u00bbtop right\u00bb background_color_gradient_stops=\u00bbrgba(43,135,218,0) 1%|rgba(61,11,9,0.44) 99%\u00bb background_color_gradient_overlays_image=\u00bbon\u00bb background_image=\u00bbhttps:\/\/www.singinghorsefoundation.com\/wp-content\/uploads\/2022\/08\/Evento-parejas-shf.jpg\u00bb custom_padding=\u00bb80px|0|0||false|false\u00bb global_colors_info=\u00bb{}\u00bb][et_pb_row use_custom_gutter=\u00bbon\u00bb gutter_width=\u00bb1&#8243; make_equal=\u00bbon\u00bb padding_top_bottom_link_2=\u00bbtrue\u00bb padding_left_right_link_2=\u00bbtrue\u00bb _builder_version=\u00bb4.17.4&#8243; _module_preset=\u00bbdefault\u00bb custom_margin=\u00bb|||\u00bb custom_padding=\u00bb27px|0px|0|0px|false|false\u00bb global_colors_info=\u00bb{}\u00bb][et_pb_column type=\u00bb4_4&#8243; _builder_version=\u00bb4.16&#8243; _module_preset=\u00bbdefault\u00bb custom_padding=\u00bb|4%|80px|\u00bb custom_padding_tablet=\u00bb||40px|\u00bb custom_padding_phone=\u00bb||40px|\u00bb custom_padding_last_edited=\u00bbon|tablet\u00bb global_colors_info=\u00bb{}\u00bb padding_tablet=\u00bb||40px|\u00bb padding_last_edited=\u00bbon|tablet\u00bb custom_padding__hover=\u00bb|||\u00bb padding_phone=\u00bb||40px|\u00bb][et_pb_text _builder_version=\u00bb4.17.4&#8243; _module_preset=\u00bbdefault\u00bb text_font=\u00bbOpen Sans||||||||\u00bb text_font_size=\u00bb20px\u00bb text_line_height=\u00bb2em\u00bb header_font=\u00bb|800||on|||||\u00bb header_font_size=\u00bb68px\u00bb header_line_height=\u00bb1.4em\u00bb background_layout=\u00bbdark\u00bb max_width=\u00bb700px\u00bb text_font_size_tablet=\u00bb\u00bb text_font_size_phone=\u00bb16px\u00bb text_font_size_last_edited=\u00bbon|phone\u00bb header_font_size_tablet=\u00bb44px\u00bb header_font_size_phone=\u00bb24px\u00bb header_font_size_last_edited=\u00bbon|desktop\u00bb header_line_height_tablet=\u00bb1.4em\u00bb header_line_height_phone=\u00bb1.4em\u00bb header_line_height_last_edited=\u00bbon|desktop\u00bb global_colors_info=\u00bb{}\u00bb]<\/p>\n<h1>Eventos<\/h1>\n<p>[\/et_pb_text][\/et_pb_column][\/et_pb_row][\/et_pb_section][et_pb_section fb_built=\u00bb1&#8243; admin_label=\u00bbBlog\u00bb _builder_version=\u00bb4.17.4&#8243; _module_preset=\u00bbdefault\u00bb background_enable_color=\u00bboff\u00bb global_colors_info=\u00bb{}\u00bb custom_padding=\u00bb5px|||||\u00bb][et_pb_row _builder_version=\u00bb4.17.4&#8243; _module_preset=\u00bbdefault\u00bb global_colors_info=\u00bb{}\u00bb theme_builder_area=\u00bbpost_content\u00bb][et_pb_column type=\u00bb4_4&#8243; _builder_version=\u00bb4.17.4&#8243; _module_preset=\u00bbdefault\u00bb global_colors_info=\u00bb{}\u00bb theme_builder_area=\u00bbpost_content\u00bb][et_pb_text _builder_version=\u00bb4.18.0&#8243; _module_preset=\u00bbdefault\u00bb text_font=\u00bbOpen Sans||||||||\u00bb header_font=\u00bb||||||||\u00bb header_3_font=\u00bb|800|||||||\u00bb header_3_text_color=\u00bb#cc0000&#8243; header_3_font_size=\u00bb24px\u00bb header_3_line_height=\u00bb1.8em\u00bb header_3_font_size_tablet=\u00bb\u00bb header_3_font_size_phone=\u00bb18px\u00bb header_3_font_size_last_edited=\u00bbon|phone\u00bb locked=\u00bboff\u00bb global_colors_info=\u00bb{}\u00bb theme_builder_area=\u00bbpost_content\u00bb]<\/p>\n<p style=\"text-align: center;\">Posibilidad de organizar sus propios eventos: bodas, cumplea\u00f1os, sesiones fotogr\u00e1ficas, conciertos&#8230;<br \/>(El precio depende de sus necesidades de espacio).<\/p>\n<p>[\/et_pb_text][\/et_pb_column][\/et_pb_row][et_pb_row _builder_version=\u00bb4.16&#8243; _module_preset=\u00bbdefault\u00bb background_size=\u00bbinitial\u00bb background_position=\u00bbtop_left\u00bb background_repeat=\u00bbrepeat\u00bb global_colors_info=\u00bb{}\u00bb][et_pb_column type=\u00bb4_4&#8243; _builder_version=\u00bb4.16&#8243; _module_preset=\u00bbdefault\u00bb custom_padding=\u00bb|||\u00bb global_colors_info=\u00bb{}\u00bb custom_padding__hover=\u00bb|||\u00bb][et_pb_blog fullwidth=\u00bboff\u00bb include_categories=\u00bb30&#8243; excerpt_length=\u00bb100&#8243; show_author=\u00bboff\u00bb _builder_version=\u00bb4.18.0&#8243; _module_preset=\u00bbdefault\u00bb header_font=\u00bbMontserrat||||\u00bb header_line_height=\u00bb1.3em\u00bb body_font_size=\u00bb16px\u00bb body_line_height=\u00bb1.9em\u00bb meta_text_color=\u00bbrgba(0,0,0,0.3)\u00bb meta_font_size=\u00bb16px\u00bb text_orientation=\u00bbleft\u00bb animation_style=\u00bbfold\u00bb animation_direction=\u00bbbottom\u00bb animation_intensity_fold=\u00bb1%\u00bb box_shadow_style=\u00bbpreset1&#8243; global_colors_info=\u00bb{}\u00bb][\/et_pb_blog][\/et_pb_column][\/et_pb_row][\/et_pb_section][et_pb_section fb_built=\u00bb1&#8243; admin_label=\u00bbContact Banner\u00bb _builder_version=\u00bb4.17.4&#8243; _module_preset=\u00bbdefault\u00bb background_color=\u00bb#cc0000&#8243; custom_padding=\u00bb20px|0px|20px|0px|true|false\u00bb animation_style=\u00bbslide\u00bb animation_direction=\u00bbtop\u00bb global_module=\u00bb266&#8243; saved_tabs=\u00bball\u00bb global_colors_info=\u00bb{}\u00bb][et_pb_row column_structure=\u00bb1_2,1_2&#8243; _builder_version=\u00bb4.16&#8243; _module_preset=\u00bbdefault\u00bb global_colors_info=\u00bb{}\u00bb][et_pb_column type=\u00bb1_2&#8243; _builder_version=\u00bb4.16&#8243; _module_preset=\u00bbdefault\u00bb custom_padding=\u00bb|||\u00bb global_colors_info=\u00bb{}\u00bb custom_padding__hover=\u00bb|||\u00bb][et_pb_text _builder_version=\u00bb4.16&#8243; _module_preset=\u00bbdefault\u00bb text_font=\u00bb||||||||\u00bb quote_font=\u00bb||||||||\u00bb header_font=\u00bb||||||||\u00bb header_2_font=\u00bb|800|||||||\u00bb header_2_font_size=\u00bb24px\u00bb header_2_line_height=\u00bb1.8em\u00bb header_3_font=\u00bb||||||||\u00bb header_4_font=\u00bb|800||on|||||\u00bb header_4_font_size=\u00bb16px\u00bb header_4_letter_spacing=\u00bb0.5px\u00bb header_4_line_height=\u00bb1.7em\u00bb background_layout=\u00bbdark\u00bb custom_padding=\u00bb|||\u00bb header_2_font_size_tablet=\u00bb\u00bb header_2_font_size_phone=\u00bb18px\u00bb header_2_font_size_last_edited=\u00bbon|phone\u00bb locked=\u00bboff\u00bb global_colors_info=\u00bb{}\u00bb]<\/p>\n<h4>Env\u00edenos un Mensaje<\/h4>\n<h2>P\u00f3ngase en contacto con nosotros. Haga Cualquier Pregunta.<\/h2>\n<p>[\/et_pb_text][\/et_pb_column][et_pb_column type=\u00bb1_2&#8243; _builder_version=\u00bb4.16&#8243; _module_preset=\u00bbdefault\u00bb custom_padding=\u00bb|||\u00bb global_colors_info=\u00bb{}\u00bb custom_padding__hover=\u00bb|||\u00bb][et_pb_text _builder_version=\u00bb4.17.4&#8243; _module_preset=\u00bbdefault\u00bb text_font=\u00bb||||||||\u00bb quote_font=\u00bb||||||||\u00bb header_font=\u00bb||||||||\u00bb header_2_font=\u00bb|800||on|||||\u00bb header_2_font_size=\u00bb44px\u00bb header_2_letter_spacing=\u00bb1px\u00bb header_2_line_height=\u00bb1.8em\u00bb header_3_font=\u00bb||||||||\u00bb header_4_font=\u00bb|800||on|||||\u00bb header_4_font_size=\u00bb16px\u00bb header_4_letter_spacing=\u00bb0.5px\u00bb header_4_line_height=\u00bb1.7em\u00bb text_orientation=\u00bbright\u00bb background_layout=\u00bbdark\u00bb custom_padding=\u00bb|||\u00bb header_2_font_size_tablet=\u00bb\u00bb header_2_font_size_phone=\u00bb18px\u00bb header_2_font_size_last_edited=\u00bbon|phone\u00bb locked=\u00bboff\u00bb global_colors_info=\u00bb{}\u00bb]<\/p>\n<h4>Ll\u00e1menos<\/h4>\n<h2>+1 809-399-9688<\/h2>\n<p>[\/et_pb_text][\/et_pb_column][\/et_pb_row][\/et_pb_section]<\/p>\n","protected":false},"excerpt":{"rendered":"<p>EventosPosibilidad de organizar sus propios eventos: bodas, cumplea\u00f1os, sesiones fotogr\u00e1ficas, conciertos&#8230;(El precio depende de sus necesidades de espacio).Env\u00edenos un Mensaje P\u00f3ngase en contacto con nosotros. Haga Cualquier Pregunta.Ll\u00e1menos +1 809-399-9688<\/p>\n","protected":false},"author":1,"featured_media":0,"parent":0,"menu_order":0,"comment_status":"closed","ping_status":"closed","template":"","meta":{"_et_pb_use_builder":"on","_et_pb_old_content":"","_et_gb_content_width":"","footnotes":""},"class_list":["post-1051","page","type-page","status-publish","hentry"],"_links":{"self":[{"href":"https:\/\/www.singinghorsefoundation.com\/es\/wp-json\/wp\/v2\/pages\/1051","targetHints":{"allow":["GET"]}}],"collection":[{"href":"https:\/\/www.singinghorsefoundation.com\/es\/wp-json\/wp\/v2\/pages"}],"about":[{"href":"https:\/\/www.singinghorsefoundation.com\/es\/wp-json\/wp\/v2\/types\/page"}],"author":[{"embeddable":true,"href":"https:\/\/www.singinghorsefoundation.com\/es\/wp-json\/wp\/v2\/users\/1"}],"replies":[{"embeddable":true,"href":"https:\/\/www.singinghorsefoundation.com\/es\/wp-json\/wp\/v2\/comments?post=1051"}],"version-history":[{"count":4,"href":"https:\/\/www.singinghorsefoundation.com\/es\/wp-json\/wp\/v2\/pages\/1051\/revisions"}],"predecessor-version":[{"id":1720,"href":"https:\/\/www.singinghorsefoundation.com\/es\/wp-json\/wp\/v2\/pages\/1051\/revisions\/1720"}],"wp:attachment":[{"href":"https:\/\/www.singinghorsefoundation.com\/es\/wp-json\/wp\/v2\/media?parent=1051"}],"curies":[{"name":"wp","href":"https:\/\/api.w.org\/{rel}","templated":true}]}}